{"id":21,"date":"2017-11-06T11:04:25","date_gmt":"2017-11-06T11:04:25","guid":{"rendered":"http:\/\/onero.ellethemes.com\/photo_studio\/?page_id=21"},"modified":"2019-03-14T14:46:36","modified_gmt":"2019-03-14T11:46:36","slug":"iletisim","status":"publish","type":"page","link":"https:\/\/cananakal.com\/en\/iletisim\/","title":{"rendered":"CONTACT"},"content":{"rendered":"<p>[vc_row full_height=&#8221;yes&#8221; type=&#8221;full_width_background&#8221; bg_image=&#8221;8227&#8243; bg_position=&#8221;center center&#8221; text_color=&#8221;light&#8221;][vc_column width=&#8221;1\/6&#8243;][\/vc_column][vc_column width=&#8221;2\/3&#8243;][vc_custom_heading text=&#8221;\u0130LET\u0130\u015e\u0130M&#8221; font_container=&#8221;tag:div|font_size:35px|text_align:center|line_height:55px&#8221; use_theme_fonts=&#8221;yes&#8221; el_class=&#8221;add_space&#8221;][vc_column_text]<strong>Adres:<\/strong> Ba\u011fdat Caddesi \u0130rfanbey Apt. No: 216\/1 \u0130STANBUL<br \/>\n<strong>Telefon:<\/strong> (0216) 386 37 47<\/p>\n<p><iframe loading=\"lazy\" style=\"border: 0;\" src=\"https:\/\/www.google.com\/maps\/embed?pb=!1m14!1m8!1m3!1d12049.41246239815!2d29.054623!3d40.973748!3m2!1i1024!2i768!4f13.1!3m3!1m2!1s0x0%3A0x22debd783f4c643d!2sCanan+Akal+Lamp+Design!5e0!3m2!1str!2str!4v1552563930327\" width=\"600\" height=\"380\" frameborder=\"0\" allowfullscreen=\"allowfullscreen\"><\/iframe>[\/vc_column_text][vc_custom_heading text=&#8221;&#8221; font_container=&#8221;tag:div|font_size:18px|text_align:center|line_height:28px&#8221; google_fonts=&#8221;font_family:Karla%3Aregular%2Citalic%2C700%2C700italic|font_style:400%20regular%3A400%3Anormal&#8221;][vc_empty_space height=&#8221;25px&#8221;]\n<div class=\"wpcf7 no-js\" id=\"wpcf7-f8351-o1\" lang=\"en-US\" dir=\"ltr\" data-wpcf7-id=\"8351\">\n<div class=\"screen-reader-response\"><p role=\"status\" aria-live=\"polite\" aria-atomic=\"true\"><\/p> <ul><\/ul><\/div>\n<form action=\"\/en\/wp-json\/wp\/v2\/pages\/21#wpcf7-f8351-o1\" method=\"post\" class=\"wpcf7-form init\" aria-label=\"Contact form\" novalidate=\"novalidate\" data-status=\"init\">\n<fieldset class=\"hidden-fields-container\"><input type=\"hidden\" name=\"_wpcf7\" value=\"8351\" \/><input type=\"hidden\" name=\"_wpcf7_version\" value=\"6.1.5\" \/><input type=\"hidden\" name=\"_wpcf7_locale\" value=\"en_US\" \/><input type=\"hidden\" name=\"_wpcf7_unit_tag\" value=\"wpcf7-f8351-o1\" \/><input type=\"hidden\" name=\"_wpcf7_container_post\" value=\"0\" \/><input type=\"hidden\" name=\"_wpcf7_posted_data_hash\" value=\"\" \/>\n<\/fieldset>\n<p><span class=\"wpcf7-form-control-wrap\" data-name=\"your-name\"><input size=\"40\" maxlength=\"400\" class=\"wpcf7-form-control wpcf7-text wpcf7-validates-as-required\" aria-required=\"true\" aria-invalid=\"false\" placeholder=\"Name\" value=\"\" type=\"text\" name=\"your-name\" \/><\/span>\n<\/p>\n<p><span class=\"wpcf7-form-control-wrap\" data-name=\"your-email\"><input size=\"40\" maxlength=\"400\" class=\"wpcf7-form-control wpcf7-email wpcf7-validates-as-required wpcf7-text wpcf7-validates-as-email\" aria-required=\"true\" aria-invalid=\"false\" placeholder=\"E-Mail\" value=\"\" type=\"email\" name=\"your-email\" \/><\/span>\n<\/p>\n<p><br \/>\n<span class=\"wpcf7-form-control-wrap\" data-name=\"your-subject\"><input size=\"40\" maxlength=\"400\" class=\"wpcf7-form-control wpcf7-text\" aria-invalid=\"false\" placeholder=\"Subject\" value=\"\" type=\"text\" name=\"your-subject\" \/><\/span>\n<\/p>\n<p><br \/>\n<span class=\"wpcf7-form-control-wrap\" data-name=\"your-message\"><textarea cols=\"40\" rows=\"10\" maxlength=\"2000\" class=\"wpcf7-form-control wpcf7-textarea\" aria-invalid=\"false\" placeholder=\"Message\" name=\"your-message\"><\/textarea><\/span>\n<\/p>\n<p><input class=\"wpcf7-form-control wpcf7-submit has-spinner\" type=\"submit\" value=\"Send\" \/>\n<\/p><div class=\"wpcf7-response-output\" aria-hidden=\"true\"><\/div>\n<\/form>\n<\/div>\n[\/vc_column][vc_column width=&#8221;1\/6&#8243;][\/vc_column][\/vc_row]<\/p>\n","protected":false},"excerpt":{"rendered":"<p>[vc_row full_height=&#8221;yes&#8221; type=&#8221;full_width_background&#8221; bg_image=&#8221;8227&#8243; bg_position=&#8221;center center&#8221; text_color=&#8221;light&#8221;][vc_column width=&#8221;1\/6&#8243;][\/vc_column][vc_column width=&#8221;2\/3&#8243;][vc_custom_heading text=&#8221;\u0130LET\u0130\u015e\u0130M&#8221; font_container=&#8221;tag:div|font_size:35px|text_align:center|line_height:55px&#8221; use_theme_fonts=&#8221;yes&#8221; el_class=&#8221;add_space&#8221;][vc_column_text]Adres: Ba\u011fdat Caddesi \u0130rfanbey Apt. No: 216\/1 \u0130STANBUL Telefon: (0216) 386 37 47 [\/vc_column_text][vc_custom_heading text=&#8221;&#8221; font_container=&#8221;tag:div|font_size:18px|text_align:center|line_height:28px&#8221; google_fonts=&#8221;font_family:Karla%3Aregular%2Citalic%2C700%2C700italic|font_style:400%20regular%3A400%3Anormal&#8221;][vc_empty_space height=&#8221;25px&#8221;][\/vc_column][vc_column width=&#8221;1\/6&#8243;][\/vc_column][\/vc_row]<\/p>\n","protected":false},"author":1,"featured_media":0,"parent":0,"menu_order":0,"comment_status":"closed","ping_status":"closed","template":"","meta":{"footnotes":""},"class_list":["post-21","page","type-page","status-publish","hentry"],"translation":{"provider":"WPGlobus","version":"3.0.2","language":"en","enabled_languages":["tr","en"],"languages":{"tr":{"title":true,"content":true,"excerpt":false},"en":{"title":true,"content":false,"excerpt":false}}},"_links":{"self":[{"href":"https:\/\/cananakal.com\/en\/wp-json\/wp\/v2\/pages\/21","targetHints":{"allow":["GET"]}}],"collection":[{"href":"https:\/\/cananakal.com\/en\/wp-json\/wp\/v2\/pages"}],"about":[{"href":"https:\/\/cananakal.com\/en\/wp-json\/wp\/v2\/types\/page"}],"author":[{"embeddable":true,"href":"https:\/\/cananakal.com\/en\/wp-json\/wp\/v2\/users\/1"}],"replies":[{"embeddable":true,"href":"https:\/\/cananakal.com\/en\/wp-json\/wp\/v2\/comments?post=21"}],"version-history":[{"count":15,"href":"https:\/\/cananakal.com\/en\/wp-json\/wp\/v2\/pages\/21\/revisions"}],"predecessor-version":[{"id":8361,"href":"https:\/\/cananakal.com\/en\/wp-json\/wp\/v2\/pages\/21\/revisions\/8361"}],"wp:attachment":[{"href":"https:\/\/cananakal.com\/en\/wp-json\/wp\/v2\/media?parent=21"}],"curies":[{"name":"wp","href":"https:\/\/api.w.org\/{rel}","templated":true}]}}